{"id":972,"date":"2014-08-07T17:06:54","date_gmt":"2014-08-07T16:06:54","guid":{"rendered":"http:\/\/foto-spuren.de\/?page_id=972"},"modified":"2026-03-25T11:32:47","modified_gmt":"2026-03-25T10:32:47","slug":"vortraege","status":"publish","type":"page","link":"https:\/\/foto-spuren.de\/?page_id=972","title":{"rendered":"VORTR\u00c4GE\/TERMINE (alle)"},"content":{"rendered":"<h3>TINOS:&nbsp; 22. Februar 2022, DGG Hannover, <a href=\"https:\/\/www.dgg-hannover.de\/\">Link. <\/a><br \/>\nTINOS:&nbsp; 30. M\u00e4rz 2022, Hellasfreunde Bern (Schweiz) <a href=\"https:\/\/www.hellasfreunde.ch\/Aktuelle_Termine.html\">Link:<\/a><br \/>\nTINOS:&nbsp; 19.Oktober 2022, DGG D\u00fcsseldorf, Zentralbibliothek &nbsp; <a href=\"https:\/\/de-gr-gesellschaft.com\/index.html\">Link<\/a><br \/>\nTINOS:&nbsp; 06. November 2022, POP &#8211; K\u00f6ln, Melanchton Akademie, <a href=\"https:\/\/www.melanchthon-akademie.de\/programm\/kultur-verstehen\/kurs\/17730-tinos\">Infos<\/a><br \/>\nTINOS:&nbsp; 15. November 2022, Deutsch-Griech. Studienclub, <a href=\"https:\/\/www.vhs-essen.de\/kurssuche\/kurs\/Multivision-Insel-Tinos\/222.2B015M\">VHS Essen<\/a><br \/>\nATHOS:&nbsp; 29. November 2022, DGG, Hannover, <a href=\"https:\/\/www.dgg-hannover.de\/\">Link.<\/a><br \/>\nATHOS:&nbsp; 01. Dezember 2022, Cafe &#8222;Himmel un \u00c4\u00e4d&#8220;, Gemeindesaal der Andreaskirche, Bergisch Gladbach-Schildgen, <a href=\"https:\/\/www.himmel-un-aeaed.de\/veranstaltungen\/athos-fuer-frauen-verboten\/?occurrence=2022-12-01\">Link<\/a><\/h3>\n<h3>SYROS:&nbsp; 28. Februar 2023, DGG, Hannover, <a href=\"https:\/\/www.dgg-hannover.de\/\">Link.<\/a><br \/>\nTINOS:&nbsp; 16. M\u00e4rz 2023, DGG Kiel\/F\u00f6rde-VHS<br \/>\nEPIRUS: 18. November 2023, Deutsch-Griechische-Ges., B\u00f6blingen, <a href=\"http:\/\/www.dgg-bb.de\/\">Infos<\/a><\/h3>\n<h3>ATHOS:&nbsp; 17. Januar 2024, Deutsch-Griech. Studienclub, Essen<br \/>\nEPIRUS: 20. Februar 2024, DGG Hannover, <a href=\"https:\/\/www.dgg-hannover.de\/Termine\/Vortraege\/\">Link.<\/a><br \/>\nEPIRUS: 24. Februar 2024, DGG-Wolfsburg-Braunschweig, <a href=\"https:\/\/dggbs.de\/2023\/11\/17\/reisebericht-epirus-die-unbekannte-schoenheit-in-griechenland\/\">Link<\/a><br \/>\nEPIRUS: 20. M\u00e4rz 2024, DGG Kiel\/F\u00f6rde-VHS,&nbsp; <a href=\"https:\/\/www.foerde-vhs.de\/programm\/gesellschaft-und-kulturelles-leben\/kurs\/Epirus-Die-unbekannte-Schoenheit-Griechenlands-Vortrag-Multivision\/24F10010V#inhalt\">Link<\/a>&nbsp;<br \/>\nEPIRUS: 14. M\u00e4rz 2024,&nbsp; VHS-Essen, <a href=\"https:\/\/www.vhs-essen.de\/kurssuche\/kurs\/Bildvortrag-Epirus-Die-unbekannte-Schoenheit-Griechenlands\/241.2B018N\">Link<\/a><br \/>\nEPIRUS: 24. April 2024,&nbsp; Cafe &#8222;Himmel un \u00c4\u00e4d&#8220;, BGL-Schildgen<br \/>\nEPIRUS: 29. April 2024, DGG D\u00fcsseldorf, Zentralbibliothek, <a href=\"https:\/\/de-gr-gesellschaft.com\/index.html\">Link<\/a><br \/>\nEPIRUS: 22. November 2024, DGG Frankfurt, Universit\u00e4t,<\/h3>\n<h3>ATHOS:&nbsp; 22. Januar 2025, Deutsch-Griechischer Studienclub, Essen <a href=\"https:\/\/www.vhs-essen.de\/kurssuche\/liste?suchesetzen=false&amp;clearallkatfilter=true&amp;kfs_stichwort_schlagwort=Athos\">Link<\/a><br \/>\nEPIRUS:&nbsp; 13. M\u00e4rz 2025, <a href=\"https:\/\/dgg-hamburg.de\/epirus-die-unbekannte-schoenheit-griechenlands\">DGG Hamburg<\/a>, Staats- und Universit\u00e4tsbibliothek<br \/>\nEPIRUS:&nbsp; 15. M\u00e4rz 2025, POP &#8211; K\u00f6ln, Melanchton Akademie <a href=\"https:\/\/www.de-gr-gesellschaft.com\/\">Link<\/a><br \/>\nSYROS:&nbsp; 15. Oktober 2025, DGG D\u00fcsseldorf, Zentralbibliothek, <a href=\"https:\/\/www.de-gr-gesellschaft.com\/\">Link<\/a><br \/>\nTHRAKIEN: 8. November 2025, Deutsch-Griechische-Ges., B\u00f6blingen <a href=\"https:\/\/www.dgg-bb.de\/termine\/\">Link<\/a><\/h3>\n<h3>THRAKIEN:&nbsp; 13. Januar 2026, Deutsch-Griech.- Studienclub, <a href=\"https:\/\/www.vhs-essen.de\/kurssuche\/kurs\/Vortrag-Thrakien\/252.2B015N\">VHS-Essen<\/a><br \/>\nTHRAKIEN:&nbsp; 03. M\u00e4rz 2026, POP &#8211; K\u00f6ln, Melanchton Akademie <a href=\"https:\/\/melanchthon-akademie.de\/programm\/kurs\/20762-thrakien-makedonien\">Link<\/a><br \/>\nTHRAKIEN:&nbsp; 17. M\u00e4rz 2026, Deutsch-Griechische Gesellschaft Hannover<br \/>\nEPIRUS:&nbsp; 30. Juni 2026, Birkenhof-Wohnstift, Hannover Kirchrode<br \/>\nTHRAKIEN:&nbsp; 05. Oktober 2026, DGG D\u00fcsseldorf, Zentralbibliothek<\/h3>\n<h3>&nbsp;<\/h3>\n","protected":false},"excerpt":{"rendered":"<p>TINOS:&nbsp; 22. Februar 2022, DGG Hannover, Link. TINOS:&nbsp; 30. M\u00e4rz 2022, Hellasfreunde Bern (Schweiz) Link: TINOS:&nbsp; 19.Oktober 2022, DGG D\u00fcsseldorf, Zentralbibliothek &nbsp; Link TINOS:&nbsp; 06. November 2022, POP &#8211; K\u00f6ln, Melanchton Akademie, Infos TINOS:&nbsp; 15. November 2022, Deutsch-Griech. Studienclub, VHS &hellip; <a href=\"https:\/\/foto-spuren.de\/?page_id=972\">Weiterlesen <span class=\"meta-nav\">&rarr;<\/span><\/a><\/p>\n","protected":false},"author":1,"featured_media":3528,"parent":0,"menu_order":3,"comment_status":"closed","ping_status":"closed","template":"","meta":{"ngg_post_thumbnail":0,"footnotes":""},"class_list":["post-972","page","type-page","status-publish","has-post-thumbnail","hentry"],"_links":{"self":[{"href":"https:\/\/foto-spuren.de\/index.php?rest_route=\/wp\/v2\/pages\/972","targetHints":{"allow":["GET"]}}],"collection":[{"href":"https:\/\/foto-spuren.de\/index.php?rest_route=\/wp\/v2\/pages"}],"about":[{"href":"https:\/\/foto-spuren.de\/index.php?rest_route=\/wp\/v2\/types\/page"}],"author":[{"embeddable":true,"href":"https:\/\/foto-spuren.de\/index.php?rest_route=\/wp\/v2\/users\/1"}],"replies":[{"embeddable":true,"href":"https:\/\/foto-spuren.de\/index.php?rest_route=%2Fwp%2Fv2%2Fcomments&post=972"}],"version-history":[{"count":169,"href":"https:\/\/foto-spuren.de\/index.php?rest_route=\/wp\/v2\/pages\/972\/revisions"}],"predecessor-version":[{"id":3597,"href":"https:\/\/foto-spuren.de\/index.php?rest_route=\/wp\/v2\/pages\/972\/revisions\/3597"}],"wp:featuredmedia":[{"embeddable":true,"href":"https:\/\/foto-spuren.de\/index.php?rest_route=\/wp\/v2\/media\/3528"}],"wp:attachment":[{"href":"https:\/\/foto-spuren.de\/index.php?rest_route=%2Fwp%2Fv2%2Fmedia&parent=972"}],"curies":[{"name":"wp","href":"https:\/\/api.w.org\/{rel}","templated":true}]}}