{"id":82,"date":"2011-11-20T12:34:16","date_gmt":"2011-11-20T11:34:16","guid":{"rendered":"http:\/\/home-katerphoto.de\/?page_id=82"},"modified":"2026-01-27T13:25:55","modified_gmt":"2026-01-27T12:25:55","slug":"82-2","status":"publish","type":"page","link":"https:\/\/foto-spuren.de\/","title":{"rendered":"WILLKOMMEN"},"content":{"rendered":"<h2><strong>Liebe Freunde der Reisefotografie.<\/strong><\/h2>\n<p style=\"text-align: left;\"><a href=\"https:\/\/home-katerphoto.de\/wp-content\/uploads\/2025\/08\/Lothar-Hoppen.jpg\"><img loading=\"lazy\" decoding=\"async\" class=\"alignleft wp-image-2381 \" src=\"https:\/\/home-katerphoto.de\/wp-content\/uploads\/2025\/08\/Lothar-Hoppen.jpg\" alt=\"\" width=\"140\" height=\"127\" srcset=\"https:\/\/home-katerphoto.de\/wp-content\/uploads\/2025\/08\/Lothar-Hoppen.jpg 1193w, https:\/\/home-katerphoto.de\/wp-content\/uploads\/2025\/08\/Lothar-Hoppen-480x435.jpg 480w, https:\/\/home-katerphoto.de\/wp-content\/uploads\/2025\/08\/Lothar-Hoppen-1024x927.jpg 1024w\" sizes=\"auto, (max-width: 140px) 100vw, 140px\" \/><\/a>Ich freue mich, dass Sie meine homepage aufgerufen haben&nbsp;und&nbsp; sich f\u00fcr meine Fotografie&nbsp;interessieren.<\/p>\n<p style=\"text-align: justify;\">Mein Name ist Lothar Hoppen. Seit vielen Jahren pr\u00e4sentiere ich Multimedia-Shows \u00fcber Kultur und Natur in Griechenland. Auch historische und gesellschaftliche Themen sind mir dabei wichtig. Meine Zielgruppe sind Deutsch-Griechische Gesellschaften, und nat\u00fcrlich alle, die an griechischer Kultur\/Reiseinfos interessiert sind. Meine Shows kommentiere ich immer live und dauern ca. 75 Minuten. Auf dieser Webseite erhalten Sie einen \u00dcberblick \u00fcber meine aktuellen Themen, sowie \u00fcber Fotos aus den Regionen, die ich besucht habe.<\/p>\n<p style=\"text-align: justify;\">Auf <strong>SYROS<\/strong> lebe ich mehrere Monate im Jahr und freue mich dar\u00fcber, Teil der griechischen Gemeinde zu sein. Mein Vortrag zeigt die fantastische Landschaft, kulturelle Br\u00e4uche und das gemeinschaftliche Leben auf einer Insel, die zu 50% katholisch ist &#8211; sehr ungew\u00f6hnlich f\u00fcr Griechenland. Die Historie von Syros, und vor allem die Gr\u00fcndung der Inselhauptstadt Ermoupolis, ist eine faszinierende Geschichte.<\/p>\n<p style=\"text-align: justify;\">Im Fr\u00fchjahr reizt es mich Ausfl\u00fcge zu den Nachbarinseln zu machen. Nach <strong>TINOS<\/strong> kann man schnell mal r\u00fcber. Bei gutem Wetter scheint die Insel zum Greifen nah. Die &#8222;BLUE STAR&#8220; Ferry braucht dennoch 40 Minuten. Die Landschaft auf Tinos wird gepr\u00e4gt durch einen ausgedehnten Terrassenbau, denn lange Zeit war es der Gem\u00fcsegarten der Kykladen. Im letzten Jahrhundert hat der Marmorabbau die Insel reich gemacht. Und heute lebt die Insel vom Pilgertourismus. Vom Massentourismus ist TINOS bisher verschont geblieben. Eine Besonderheit sind die vielen Taubenh\u00e4user. Mehr als 900 sollen es noch sein. Weltweit einmalig ist die Gegend rund um das Dorf Volax.&nbsp; Die Entstehung der eigenartigen Felsformationen ist immer noch ungekl\u00e4rt.<\/p>\n<p style=\"text-align: justify;\">Mit <strong>KARPATHOS<\/strong> verbindet mich eine langj\u00e4hrige Liebe. In meiner Live-Schau zeige ich die Landschaft und das traditionelle Leben in den D\u00f6rfern Olympos und Diafani. Besonders die gro\u00dfen Kirchenfeste faszinieren. Sie sind immer wieder Anreiz f\u00fcr Auswanderer in die Heimat zur\u00fcckzukehren. Dann werden alte Kontakte gepflegt, und von zuk\u00fcnftigen Schwiegerm\u00fcttern immer wieder Heiraten arrangiert.<\/p>\n<p style=\"text-align: justify;\">Mein besonderes Interesse gilt der M\u00f6nchsrepublik <strong>ATHOS<\/strong>. Diese habe ich oft besucht und dabei Einblicke in das selbstlose Dasein der M\u00f6nche erhalten. Das Leben hinter den m\u00e4chtigen Klostermauern ist eine andere Welt. Die vielen Eindr\u00fccke habe ich fotografisch festgehalten und zu einer Multimedia-Show zusammengestellt, die ich im Vortrag live kommentiere.<\/p>\n<h2><strong>ATHOS:&nbsp; Kl\u00f6ster &#8211; Mythos &#8211; Landschaften<\/strong><\/h2>\n<p style=\"text-align: justify;\">Wie sieht sie aus die Welt, in der ausschlie\u00dflich M\u00e4nner leben? Hinter m\u00e4chtigen, uralten Klostermauern, mit einem Tagesrhythmus, der so weit weg ist von unserer Welt. Mit &nbsp; eigenem (Julianischem) Kalender, der userem um 2 Wochen hinterher hinkt, und sogar mit eigener Uhrzeit.&nbsp; <a href=\"http:\/\/foto-spuren.de\/?page_id=2\">weiterlesen<\/a> &nbsp; <a href=\"https:\/\/foto-spuren.de\/?page_id=3161\">Fotogalerie<\/a> <a href=\"https:\/\/foto-spuren.de\/?page_id=972\">Termine <\/a>&nbsp; <a href=\"https:\/\/home-katerphoto.de\/wp-content\/uploads\/2025\/08\/Flyer_Athos_1.jpg\">Flyer S.1 <\/a>&nbsp; <a href=\"https:\/\/home-katerphoto.de\/wp-content\/uploads\/2025\/08\/Flyer_Athos_2.jpg\">Flyer S.2<\/a><a href=\"https:\/\/home-katerphoto.de\/wp-content\/uploads\/2025\/08\/Collage_11_3-2_Eremeit_red.jpg\"><img loading=\"lazy\" decoding=\"async\" class=\"alignleft size-full wp-image-2383\" src=\"https:\/\/home-katerphoto.de\/wp-content\/uploads\/2025\/08\/Collage_11_3-2_Eremeit_red.jpg\" alt=\"\" width=\"1920\" height=\"1280\" srcset=\"https:\/\/home-katerphoto.de\/wp-content\/uploads\/2025\/08\/Collage_11_3-2_Eremeit_red.jpg 1920w, https:\/\/home-katerphoto.de\/wp-content\/uploads\/2025\/08\/Collage_11_3-2_Eremeit_red-480x320.jpg 480w, https:\/\/home-katerphoto.de\/wp-content\/uploads\/2025\/08\/Collage_11_3-2_Eremeit_red-1024x683.jpg 1024w, https:\/\/home-katerphoto.de\/wp-content\/uploads\/2025\/08\/Collage_11_3-2_Eremeit_red-1536x1024.jpg 1536w\" sizes=\"auto, (max-width: 1920px) 100vw, 1920px\" \/><\/a><\/p>\n<p>&nbsp;&nbsp;&nbsp;&nbsp;&nbsp;&nbsp;&nbsp;&nbsp;&nbsp;&nbsp;&nbsp;&nbsp;&nbsp;&nbsp;&nbsp;&nbsp;&nbsp;&nbsp;&nbsp;&nbsp;&nbsp;&nbsp;&nbsp;&nbsp;&nbsp;&nbsp;&nbsp;&nbsp;&nbsp;&nbsp;&nbsp;&nbsp;&nbsp;&nbsp;&nbsp;&nbsp;&nbsp;&nbsp;&nbsp;&nbsp;&nbsp;&nbsp;&nbsp;&nbsp;&nbsp;&nbsp;&nbsp;&nbsp;&nbsp;&nbsp;&nbsp;&nbsp;&nbsp;&nbsp;&nbsp;&nbsp;&nbsp;&nbsp;&nbsp;&nbsp;&nbsp;&nbsp;&nbsp;&nbsp;&nbsp;&nbsp;&nbsp;&nbsp;&nbsp;&nbsp;&nbsp;&nbsp;&nbsp;&nbsp;&nbsp; ***<\/p>\n<h2><strong>KARPATHOS:&nbsp; <\/strong><br \/>\n<strong>Wo Griechenland noch seine Traditionen lebt<\/strong><\/h2>\n<h3 style=\"text-align: justify;\">Zwischen den zerkl\u00fcfteten Bergen im Norden der Insel K\u00e1rpathos verstecken sich einige D\u00f6rfer, in denen sich althergebrachte Sitten und Gebr\u00e4uche bewahrt haben, die man sonst nirgendwo mehr in Griechenland findet. Besucht man die D\u00f6rfer \u00d3lymbos und Diaf\u00e1ni, taucht man ein in die alten Traditionen. Spontaneit\u00e4t bestimmt das Leben im Dorf und spontan greift man zur L\u00fdra und La\u00fato, den traditionellen Musikinstrumenten. Viele Frauen tragen t\u00e4glich die traditionelle Tracht der Insel, aber nicht f\u00fcr die Touristen. Eine B\u00e4ckerei sucht man hier vergeblich, denn Brot und andere Teigwaren werden nach wie vor im hauseigenen Steinofen gebacken. Ein besonders Erlebnis sind die gro\u00dfen Kirchenfeste in \u00d3lymbos und Wurg\u00fanda. Der Vortrag zeigt das Leben auf K\u00e1rpathos, die gro\u00dfen Kirchenfeste und die phantastische Landschaft in digitaler Multivision mit Live Kommentar.<\/h3>\n<h3 style=\"text-align: justify;\">&nbsp; <a href=\"http:\/\/foto-spuren.de\/?page_id=944\">weiterlesen<\/a> &nbsp; <a href=\"https:\/\/foto-spuren.de\/?page_id=3335\">Fotogalerie<\/a>&nbsp; <a href=\"https:\/\/home-katerphoto.de\/wp-content\/uploads\/2025\/08\/210_2368_cr2-scaled.jpg\"><img loading=\"lazy\" decoding=\"async\" class=\"alignleft size-full wp-image-2408\" src=\"https:\/\/home-katerphoto.de\/wp-content\/uploads\/2025\/08\/210_2368_cr2-scaled.jpg\" alt=\"\" width=\"2560\" height=\"1440\" srcset=\"https:\/\/home-katerphoto.de\/wp-content\/uploads\/2025\/08\/210_2368_cr2-scaled.jpg 2560w, https:\/\/home-katerphoto.de\/wp-content\/uploads\/2025\/08\/210_2368_cr2-480x270.jpg 480w, https:\/\/home-katerphoto.de\/wp-content\/uploads\/2025\/08\/210_2368_cr2-1024x576.jpg 1024w, https:\/\/home-katerphoto.de\/wp-content\/uploads\/2025\/08\/210_2368_cr2-160x90.jpg 160w, https:\/\/home-katerphoto.de\/wp-content\/uploads\/2025\/08\/210_2368_cr2-1536x864.jpg 1536w, https:\/\/home-katerphoto.de\/wp-content\/uploads\/2025\/08\/210_2368_cr2-2048x1152.jpg 2048w\" sizes=\"auto, (max-width: 2560px) 100vw, 2560px\" \/><\/a><a href=\"https:\/\/foto-spuren.de\/?page_id=972\">Termine&nbsp;<\/a>&nbsp; <a href=\"https:\/\/home-katerphoto.de\/wp-content\/uploads\/2025\/08\/Flyer_Karpathos_Seite1_red.jpg\">Flyer S.1<\/a> &nbsp; <a href=\"https:\/\/home-katerphoto.de\/wp-content\/uploads\/2025\/08\/Flyer_Karpathos_Seite_2_red.jpg\">Flyer S.2<\/a><\/h3>\n<p>&nbsp;&nbsp;&nbsp;&nbsp;&nbsp;&nbsp;&nbsp;&nbsp;&nbsp;&nbsp;&nbsp;&nbsp;&nbsp;&nbsp;&nbsp;&nbsp;&nbsp;&nbsp;&nbsp;&nbsp;&nbsp;&nbsp;&nbsp;&nbsp;&nbsp;&nbsp;&nbsp;&nbsp;&nbsp;&nbsp;&nbsp;&nbsp;&nbsp;&nbsp;&nbsp;&nbsp;&nbsp;&nbsp;&nbsp;&nbsp;&nbsp;&nbsp;&nbsp;&nbsp;&nbsp;&nbsp;&nbsp;&nbsp;&nbsp;&nbsp;&nbsp;&nbsp;&nbsp;&nbsp;&nbsp;&nbsp;&nbsp;&nbsp;&nbsp;&nbsp;&nbsp;&nbsp;&nbsp;&nbsp;&nbsp;&nbsp;&nbsp;&nbsp;&nbsp;&nbsp;&nbsp;&nbsp;&nbsp; ***<\/p>\n<h2><strong>SYROS:&nbsp; Eine charmante unbekannte Insel<br \/>\n<\/strong><\/h2>\n<h3 style=\"text-align: justify;\">Mit einem irren Tempo f\u00e4hrt unser Schiff in den Hafen und macht dabei noch eine elegante 180 Grad-Wende. Viel Zeit bleibt uns nicht dieses spektakul\u00e4re Man\u00f6ver zu bewundern, denn wir sind angekommen im Hafen von Ermoupolis und m\u00fcssen raus&#8230; <a href=\"http:\/\/foto-spuren.de\/?page_id=1229\">weiterlesen<\/a> &nbsp;&nbsp;<a href=\"http:\/\/foto-spuren.de\/?page_id=1288\" target=\"_blank\" rel=\"noopener noreferrer\">Termine<\/a>&nbsp; <a href=\"http:\/\/foto-spuren.de\/?page_id=1177\">Fotogalerie<\/a> &nbsp; <a href=\"https:\/\/home-katerphoto.de\/wp-content\/uploads\/2025\/08\/Flyer_Syros_1-1.jpg\">Flyer_S1<\/a>,&nbsp; <a href=\"https:\/\/home-katerphoto.de\/wp-content\/uploads\/2025\/08\/Flyer_Syros_2-1.jpg\">Flyer_S2<\/a><\/h3>\n<div id=\"attachment_2384\" style=\"width: 2570px\" class=\"wp-caption alignleft\"><a href=\"https:\/\/home-katerphoto.de\/wp-content\/uploads\/2025\/08\/610_7334_cr-scaled.jpg\"><img loading=\"lazy\" decoding=\"async\" aria-describedby=\"caption-attachment-2384\" class=\"size-full wp-image-2384\" src=\"https:\/\/home-katerphoto.de\/wp-content\/uploads\/2025\/08\/610_7334_cr-scaled.jpg\" alt=\"\" width=\"2560\" height=\"1440\" srcset=\"https:\/\/home-katerphoto.de\/wp-content\/uploads\/2025\/08\/610_7334_cr-scaled.jpg 2560w, https:\/\/home-katerphoto.de\/wp-content\/uploads\/2025\/08\/610_7334_cr-480x270.jpg 480w, https:\/\/home-katerphoto.de\/wp-content\/uploads\/2025\/08\/610_7334_cr-1024x576.jpg 1024w, https:\/\/home-katerphoto.de\/wp-content\/uploads\/2025\/08\/610_7334_cr-160x90.jpg 160w, https:\/\/home-katerphoto.de\/wp-content\/uploads\/2025\/08\/610_7334_cr-1536x864.jpg 1536w, https:\/\/home-katerphoto.de\/wp-content\/uploads\/2025\/08\/610_7334_cr-2048x1152.jpg 2048w\" sizes=\"auto, (max-width: 2560px) 100vw, 2560px\" \/><\/a><p id=\"caption-attachment-2384\" class=\"wp-caption-text\">All rights: Lothar Hoppen<\/p><\/div>\n<p>&nbsp;&nbsp;&nbsp;&nbsp;&nbsp;&nbsp;&nbsp;&nbsp;&nbsp;&nbsp;&nbsp;&nbsp;&nbsp;&nbsp;&nbsp;&nbsp;&nbsp;&nbsp;&nbsp;&nbsp;&nbsp;&nbsp;&nbsp;&nbsp;&nbsp;&nbsp;&nbsp;&nbsp;&nbsp;&nbsp;&nbsp;&nbsp;&nbsp;&nbsp;&nbsp;&nbsp;&nbsp;&nbsp;&nbsp;&nbsp;&nbsp;&nbsp;&nbsp;&nbsp;&nbsp;&nbsp;&nbsp;&nbsp;&nbsp;&nbsp;&nbsp;&nbsp;&nbsp;&nbsp;&nbsp;&nbsp;&nbsp;&nbsp;&nbsp;&nbsp;&nbsp;&nbsp;&nbsp;&nbsp;&nbsp;&nbsp;&nbsp;&nbsp;&nbsp;&nbsp;&nbsp;&nbsp;&nbsp;&nbsp;&nbsp;&nbsp; ***<\/p>\n<h2><strong>TINOS:&nbsp; Kunst, Kultur und Landschaften<\/strong><\/h2>\n<h3 style=\"text-align: justify;\">Die Landschaft auf Tinos wird gepr\u00e4gt durch einen ausgedehnten Terrassenbau und die vielen Taubenh\u00e4user. Beides wurde von den Venezianern kultiviert, die hier lange geherrscht haben. Es gibt ungef\u00e4hr 50 D\u00f6rfer, gut verteilt \u00fcber die h\u00fcgelige Landschaft. Auch sie entstanden in der Zeit der venezianischen Besetzung. Gl\u00fccklicherweise haben sie ihr mittelalterliches Flair behalten. Es sind beliebte Ziele f\u00fcr einen Tagesausflug. Lange Zeit lebte Tinos von der Landwirtschaft. Es war der Gem\u00fcsegarten der Kykladen. Der fl\u00e4chendeckende Terrassenbau l\u00e4sst das noch gut erkennen. Im letzten Jahrhundert hat der Marmorabbau die Insel reich gemacht. Und heute leben die 9000 Menschen haupts\u00e4chlich vom Pilgertourismus, denn Tinos ist die wichtigste Wallfahrtst\u00e4tte in Griechenland. Vom Massentourismus ist Tinos bisher verschont geblieben.&nbsp; <a href=\"http:\/\/foto-spuren.de\/?page_id=1609\">Fotogalerie<\/a>&nbsp; <a href=\"https:\/\/home-katerphoto.de\/wp-content\/uploads\/2025\/08\/TINOS_Flyer_1-1.jpg\">Flyer S1&nbsp;<\/a> <a href=\"https:\/\/home-katerphoto.de\/wp-content\/uploads\/2025\/08\/TINOS_Flyer_2-1.jpg\">Flyer S2<\/a>, <a href=\"https:\/\/foto-spuren.de\/?page_id=1878\">Termine<\/a><\/h3>\n<div id=\"attachment_2389\" style=\"width: 1930px\" class=\"wp-caption alignleft\"><a href=\"https:\/\/home-katerphoto.de\/wp-content\/uploads\/2025\/08\/Tinos_1.jpg\"><img loading=\"lazy\" decoding=\"async\" aria-describedby=\"caption-attachment-2389\" class=\"size-full wp-image-2389\" src=\"https:\/\/home-katerphoto.de\/wp-content\/uploads\/2025\/08\/Tinos_1.jpg\" alt=\"\" width=\"1920\" height=\"1080\" srcset=\"https:\/\/home-katerphoto.de\/wp-content\/uploads\/2025\/08\/Tinos_1.jpg 1920w, https:\/\/home-katerphoto.de\/wp-content\/uploads\/2025\/08\/Tinos_1-480x270.jpg 480w, https:\/\/home-katerphoto.de\/wp-content\/uploads\/2025\/08\/Tinos_1-1024x576.jpg 1024w, https:\/\/home-katerphoto.de\/wp-content\/uploads\/2025\/08\/Tinos_1-160x90.jpg 160w, https:\/\/home-katerphoto.de\/wp-content\/uploads\/2025\/08\/Tinos_1-1536x864.jpg 1536w\" sizes=\"auto, (max-width: 1920px) 100vw, 1920px\" \/><\/a><p id=\"caption-attachment-2389\" class=\"wp-caption-text\">All rights: Lothar Hoppen<\/p><\/div>\n<h3>&nbsp;&nbsp;&nbsp;&nbsp;&nbsp;&nbsp;&nbsp;&nbsp;&nbsp;&nbsp;&nbsp;&nbsp;&nbsp;&nbsp;&nbsp;&nbsp;&nbsp;&nbsp;&nbsp;&nbsp;&nbsp;&nbsp;&nbsp;&nbsp;&nbsp;&nbsp;&nbsp;&nbsp;&nbsp;&nbsp;&nbsp;&nbsp;&nbsp;&nbsp;&nbsp;&nbsp;&nbsp;&nbsp;&nbsp;&nbsp;&nbsp;&nbsp;&nbsp;&nbsp;&nbsp;&nbsp;&nbsp;&nbsp;&nbsp;&nbsp;&nbsp;&nbsp;&nbsp;&nbsp;&nbsp;&nbsp;&nbsp;&nbsp;&nbsp;&nbsp;&nbsp;&nbsp;&nbsp;&nbsp;&nbsp;&nbsp;&nbsp;&nbsp;&nbsp;&nbsp;&nbsp;&nbsp;&nbsp;&nbsp;&nbsp; ***<\/h3>\n<h2><strong>EPIRUS: Die unbekannte Sch\u00f6nheit Griechenlands<\/strong><\/h2>\n<h3 style=\"text-align: justify;\">Die Region EPIRUS im Nordwesten Griechenlands bietet eine atemberaubende Landschaft mit m\u00e4chtigen Bergen, tiefen Schluchten und sch\u00e4umenden Fl\u00fcssen. In den Naturschutzgebieten Zagoria und Tsoumerka gibt es viel zu entdecken! Zagoria hei\u00dft \u201eLand hinter den Bergen\u201c. Und so ist es auch. Die 46 Zagoriad\u00f6rfer liegen versteckt zwischen den Bergen und an den R\u00e4ndern tiefer Schluchten. Osmanische Bogenbr\u00fccken und unz\u00e4hlige Steinpfade, die Kalderimi, haben die D\u00f6rfer einst verbunden. Sie haben den Handel der D\u00f6rfer untereinander erm\u00f6glicht. Heute sind es gern genutzte Wanderwege.<br \/>\nDer Vortrag spannt einen Bogen aus der Antike \u00fcber die Zeit der osmanischen Besatzung bis in das heutige Leben der Hauptstadt Ioannina.&nbsp; Die digitale Multivision mit fantastischen Fotos und Videos wird live kommentiert.&nbsp;&nbsp;<\/h3>\n<h3 style=\"text-align: justify;\"><a href=\"https:\/\/foto-spuren.de\/?page_id=2873\">Fotogalerie<\/a> &nbsp; <a href=\"https:\/\/home-katerphoto.de\/wp-content\/uploads\/2025\/08\/Flyer_Epirus_Seite_2-1.jpg\">FlyerS2<\/a> &nbsp;&nbsp;<a href=\"https:\/\/home-katerphoto.de\/wp-content\/uploads\/2025\/08\/Flyer_Epirus_Site_1-1.jpg\"> FlyerS1<\/a><\/h3>\n<h3 style=\"text-align: justify;\">Rezensionen: <a href=\"https:\/\/dgg-hamburg.de\/epirus-vortrag-von-lothar-hoppen-am-14-februar-in-der-staatsbibliothek\">DGG-Hamburg<\/a>, &nbsp;<a href=\"https:\/\/griechische-kultur-pop.de\/vortragsabend-epirus-die-schoenheit-griechenlands\/\">POP-K\u00f6ln<\/a> &nbsp; <a href=\"https:\/\/www.himmel-un-aeaed.de\/es-war-eine-fantastische-reise-nach-epirus-die-unbekannte-schoenheit-griechenlands\/\">Himmel-un-\u00e4\u00e4d<\/a><br \/>\n<a href=\"https:\/\/home-katerphoto.de\/wp-content\/uploads\/2025\/08\/Epirus_Titelfoto_HD.jpg\"><img loading=\"lazy\" decoding=\"async\" class=\"alignleft size-full wp-image-2387\" src=\"https:\/\/home-katerphoto.de\/wp-content\/uploads\/2025\/08\/Epirus_Titelfoto_HD.jpg\" alt=\"\" width=\"1920\" height=\"1080\" srcset=\"https:\/\/home-katerphoto.de\/wp-content\/uploads\/2025\/08\/Epirus_Titelfoto_HD.jpg 1920w, https:\/\/home-katerphoto.de\/wp-content\/uploads\/2025\/08\/Epirus_Titelfoto_HD-480x270.jpg 480w, https:\/\/home-katerphoto.de\/wp-content\/uploads\/2025\/08\/Epirus_Titelfoto_HD-1024x576.jpg 1024w, https:\/\/home-katerphoto.de\/wp-content\/uploads\/2025\/08\/Epirus_Titelfoto_HD-160x90.jpg 160w, https:\/\/home-katerphoto.de\/wp-content\/uploads\/2025\/08\/Epirus_Titelfoto_HD-1536x864.jpg 1536w\" sizes=\"auto, (max-width: 1920px) 100vw, 1920px\" \/><\/a><br \/>\nVortrags-Trailer <a href=\"https:\/\/youtu.be\/Cdb6WjulVRw\">deutsch<\/a>.&nbsp; und &nbsp;<a href=\"https:\/\/youtu.be\/TrbGj-db-f0\">griechisch<\/a>.<\/h3>\n<p style=\"text-align: center;\">***<\/p>\n<h2><strong>THRAKIEN &amp; MAKEDONIEN: <\/strong><br \/>\n<strong>Griechenland abseits bekannter Touristenziele<\/strong><\/h2>\n<p><a href=\"https:\/\/home-katerphoto.de\/wp-content\/uploads\/2025\/08\/DJI_0444_cr-scaled.jpg\"><img loading=\"lazy\" decoding=\"async\" class=\"alignleft size-full wp-image-2385\" src=\"https:\/\/home-katerphoto.de\/wp-content\/uploads\/2025\/08\/DJI_0444_cr-scaled.jpg\" alt=\"\" width=\"2560\" height=\"1440\" srcset=\"https:\/\/home-katerphoto.de\/wp-content\/uploads\/2025\/08\/DJI_0444_cr-scaled.jpg 2560w, https:\/\/home-katerphoto.de\/wp-content\/uploads\/2025\/08\/DJI_0444_cr-480x270.jpg 480w, https:\/\/home-katerphoto.de\/wp-content\/uploads\/2025\/08\/DJI_0444_cr-1024x576.jpg 1024w, https:\/\/home-katerphoto.de\/wp-content\/uploads\/2025\/08\/DJI_0444_cr-160x90.jpg 160w, https:\/\/home-katerphoto.de\/wp-content\/uploads\/2025\/08\/DJI_0444_cr-1536x864.jpg 1536w, https:\/\/home-katerphoto.de\/wp-content\/uploads\/2025\/08\/DJI_0444_cr-2048x1152.jpg 2048w\" sizes=\"auto, (max-width: 2560px) 100vw, 2560px\" \/><\/a><\/p>\n<h3 style=\"text-align: justify;\">Fernab der typischen Touristenpfade zeigt sich Griechenland von einer \u00fcberraschenden Seite. Seidenraupen in Soufl\u00ed, Wasserb\u00fcffel am Vistonida-See und ein uralter Olivenhain bei Makri haben mich lange festgehalten. Ich besuchte die Feuerl\u00e4ufer, die barfu\u00df durch die Glut laufen und muslimische Pomakend\u00f6rfer, in denen das Leben eine andere Sprache spricht. Und in der romantischen Nestos-Schlucht erinnert eine Zugstrecke an abenteuerliche Reisen mit dem Orient-Express.<br \/>\nDie Region Thrakien\/Makedonien ist eine der \u00e4ltesten Kulturlandschaften auf dem Balkan, und bietet auch heute noch unbekannte Besonderheiten. Je weiter man in den Nordosten reist, desto spannender wird es. Touristen haben diese Region bisher kaum f\u00fcr sich entdeckt. Die Via Egnatia, die antike r\u00f6mische Milit\u00e4r- und Handelsstra\u00dfe, l\u00e4uft quer durch diese Region. Auch sie kennt kaum noch jemand.<\/h3>\n<p>Die digitale Multivision mit faszinierenden Fotos und Videos dauert ca. 75 Minuten und wird von mir live kommentiert.<\/p>\n<p>Siehe auch:&nbsp; <a href=\"https:\/\/foto-spuren.de\/?page_id=2737\">Bei den Pomaken in Thrakien<\/a><\/p>\n","protected":false},"excerpt":{"rendered":"<p>Liebe Freunde der Reisefotografie. Ich freue mich, dass Sie meine homepage aufgerufen haben&nbsp;und&nbsp; sich f\u00fcr meine Fotografie&nbsp;interessieren. Mein Name ist Lothar Hoppen. Seit vielen Jahren pr\u00e4sentiere ich Multimedia-Shows \u00fcber Kultur und Natur in Griechenland. Auch historische und gesellschaftliche Themen sind &hellip; <a href=\"https:\/\/foto-spuren.de\/\">Weiterlesen <span class=\"meta-nav\">&rarr;<\/span><\/a><\/p>\n","protected":false},"author":1,"featured_media":3528,"parent":0,"menu_order":0,"comment_status":"closed","ping_status":"closed","template":"","meta":{"ngg_post_thumbnail":0,"footnotes":""},"class_list":["post-82","page","type-page","status-publish","has-post-thumbnail","hentry"],"_links":{"self":[{"href":"https:\/\/foto-spuren.de\/index.php?rest_route=\/wp\/v2\/pages\/82","targetHints":{"allow":["GET"]}}],"collection":[{"href":"https:\/\/foto-spuren.de\/index.php?rest_route=\/wp\/v2\/pages"}],"about":[{"href":"https:\/\/foto-spuren.de\/index.php?rest_route=\/wp\/v2\/types\/page"}],"author":[{"embeddable":true,"href":"https:\/\/foto-spuren.de\/index.php?rest_route=\/wp\/v2\/users\/1"}],"replies":[{"embeddable":true,"href":"https:\/\/foto-spuren.de\/index.php?rest_route=%2Fwp%2Fv2%2Fcomments&post=82"}],"version-history":[{"count":267,"href":"https:\/\/foto-spuren.de\/index.php?rest_route=\/wp\/v2\/pages\/82\/revisions"}],"predecessor-version":[{"id":3578,"href":"https:\/\/foto-spuren.de\/index.php?rest_route=\/wp\/v2\/pages\/82\/revisions\/3578"}],"wp:featuredmedia":[{"embeddable":true,"href":"https:\/\/foto-spuren.de\/index.php?rest_route=\/wp\/v2\/media\/3528"}],"wp:attachment":[{"href":"https:\/\/foto-spuren.de\/index.php?rest_route=%2Fwp%2Fv2%2Fmedia&parent=82"}],"curies":[{"name":"wp","href":"https:\/\/api.w.org\/{rel}","templated":true}]}}