{"id":2694,"date":"2025-08-13T12:01:21","date_gmt":"2025-08-13T11:01:21","guid":{"rendered":"https:\/\/foto-spuren.de\/?page_id=2694"},"modified":"2026-03-25T11:33:14","modified_gmt":"2026-03-25T10:33:14","slug":"thrakien-makedonien-termine","status":"publish","type":"page","link":"https:\/\/foto-spuren.de\/?page_id=2694","title":{"rendered":"Thrakien &#038; Makedonien"},"content":{"rendered":"<h2>Griechenland abseits bekannter Touristenziele<\/h2>\n<p><a href=\"https:\/\/home-katerphoto.de\/wp-content\/uploads\/2025\/08\/DJI_0444_cr-scaled.jpg\"><img loading=\"lazy\" decoding=\"async\" class=\"alignleft size-full wp-image-2385\" src=\"https:\/\/home-katerphoto.de\/wp-content\/uploads\/2025\/08\/DJI_0444_cr-scaled.jpg\" alt=\"\" width=\"2560\" height=\"1440\" srcset=\"https:\/\/home-katerphoto.de\/wp-content\/uploads\/2025\/08\/DJI_0444_cr-scaled.jpg 2560w, https:\/\/home-katerphoto.de\/wp-content\/uploads\/2025\/08\/DJI_0444_cr-480x270.jpg 480w, https:\/\/home-katerphoto.de\/wp-content\/uploads\/2025\/08\/DJI_0444_cr-1024x576.jpg 1024w, https:\/\/home-katerphoto.de\/wp-content\/uploads\/2025\/08\/DJI_0444_cr-160x90.jpg 160w, https:\/\/home-katerphoto.de\/wp-content\/uploads\/2025\/08\/DJI_0444_cr-1536x864.jpg 1536w, https:\/\/home-katerphoto.de\/wp-content\/uploads\/2025\/08\/DJI_0444_cr-2048x1152.jpg 2048w\" sizes=\"auto, (max-width: 2560px) 100vw, 2560px\" \/><\/a><a href=\"https:\/\/home-katerphoto.de\/wp-content\/uploads\/2025\/08\/Flyer_Thrakien_-aussen_neueFarbe_red-scaled.jpg\">Flyer_Seite1<\/a>&nbsp; <a href=\"https:\/\/home-katerphoto.de\/wp-content\/uploads\/2025\/08\/Flyer_Thrakien_-innen_neueFarbe_red-scaled.jpg\">&nbsp;Flyer_Seite2<\/a>&nbsp; &nbsp;<a href=\"https:\/\/home-katerphoto.de\/wp-content\/uploads\/2026\/03\/Vortrag_Hannover.jpg\">DGG-Hannover<\/a>&nbsp; &nbsp;<a href=\"https:\/\/home-katerphoto.de\/wp-content\/uploads\/2026\/03\/POP_Koeln.jpg\">POP-K\u00f6ln<\/a><\/p>\n<h3>Termine:<br \/>\n08. November 2025, Stuttgart\/B\u00f6blingen, DGG-B\u00f6blingen&nbsp; <a href=\"https:\/\/www.dgg-bb.de\/termine\/\">Link<\/a><br \/>\n13. Januar 2026, VHS-Essen, Deutsch-Griechischer Studienclub&nbsp; <a href=\"https:\/\/www.vhs-essen.de\/kurssuche\/kurs\/Vortrag-Thrakien\/252.2B015N\">Link<\/a><br \/>\n03. M\u00e4rz 2026, POP &#8211; K\u00f6ln, Melanchton Akademie <a href=\"https:\/\/melanchthon-akademie.de\/programm\/kurs\/20762-thrakien-makedonien\">Link<\/a><br \/>\n17. M\u00e4rz 2026, Deutsch-Griechische Gesellschaft, Hannover<br \/>\n05. Oktober 2026, DGG D\u00fcsseldorf, Zentralbibliothek<\/h3>\n","protected":false},"excerpt":{"rendered":"<p>Griechenland abseits bekannter Touristenziele Flyer_Seite1&nbsp; &nbsp;Flyer_Seite2&nbsp; &nbsp;DGG-Hannover&nbsp; &nbsp;POP-K\u00f6ln Termine: 08. November 2025, Stuttgart\/B\u00f6blingen, DGG-B\u00f6blingen&nbsp; Link 13. Januar 2026, VHS-Essen, Deutsch-Griechischer Studienclub&nbsp; Link 03. M\u00e4rz 2026, POP &#8211; K\u00f6ln, Melanchton Akademie Link 17. M\u00e4rz 2026, Deutsch-Griechische Gesellschaft, Hannover 05. Oktober 2026, &hellip; <a href=\"https:\/\/foto-spuren.de\/?page_id=2694\">Weiterlesen <span class=\"meta-nav\">&rarr;<\/span><\/a><\/p>\n","protected":false},"author":1,"featured_media":2793,"parent":972,"menu_order":0,"comment_status":"closed","ping_status":"closed","template":"","meta":{"ngg_post_thumbnail":0,"footnotes":""},"class_list":["post-2694","page","type-page","status-publish","has-post-thumbnail","hentry"],"_links":{"self":[{"href":"https:\/\/foto-spuren.de\/index.php?rest_route=\/wp\/v2\/pages\/2694","targetHints":{"allow":["GET"]}}],"collection":[{"href":"https:\/\/foto-spuren.de\/index.php?rest_route=\/wp\/v2\/pages"}],"about":[{"href":"https:\/\/foto-spuren.de\/index.php?rest_route=\/wp\/v2\/types\/page"}],"author":[{"embeddable":true,"href":"https:\/\/foto-spuren.de\/index.php?rest_route=\/wp\/v2\/users\/1"}],"replies":[{"embeddable":true,"href":"https:\/\/foto-spuren.de\/index.php?rest_route=%2Fwp%2Fv2%2Fcomments&post=2694"}],"version-history":[{"count":22,"href":"https:\/\/foto-spuren.de\/index.php?rest_route=\/wp\/v2\/pages\/2694\/revisions"}],"predecessor-version":[{"id":3598,"href":"https:\/\/foto-spuren.de\/index.php?rest_route=\/wp\/v2\/pages\/2694\/revisions\/3598"}],"up":[{"embeddable":true,"href":"https:\/\/foto-spuren.de\/index.php?rest_route=\/wp\/v2\/pages\/972"}],"wp:featuredmedia":[{"embeddable":true,"href":"https:\/\/foto-spuren.de\/index.php?rest_route=\/wp\/v2\/media\/2793"}],"wp:attachment":[{"href":"https:\/\/foto-spuren.de\/index.php?rest_route=%2Fwp%2Fv2%2Fmedia&parent=2694"}],"curies":[{"name":"wp","href":"https:\/\/api.w.org\/{rel}","templated":true}]}}