{"id":2434,"date":"2025-08-12T13:07:41","date_gmt":"2025-08-12T12:07:41","guid":{"rendered":"https:\/\/foto-spuren.de\/?page_id=2434"},"modified":"2025-08-14T12:22:33","modified_gmt":"2025-08-14T11:22:33","slug":"thrakien-makedonien","status":"publish","type":"page","link":"https:\/\/foto-spuren.de\/?page_id=2434","title":{"rendered":"Thrakien und Makedonien"},"content":{"rendered":"<p><a href=\"https:\/\/home-katerphoto.de\/wp-content\/uploads\/2025\/08\/DJI_0444_cr-scaled.jpg\"><img loading=\"lazy\" decoding=\"async\" class=\"alignleft size-full wp-image-2385\" src=\"https:\/\/home-katerphoto.de\/wp-content\/uploads\/2025\/08\/DJI_0444_cr-scaled.jpg\" alt=\"\" width=\"2560\" height=\"1440\" srcset=\"https:\/\/home-katerphoto.de\/wp-content\/uploads\/2025\/08\/DJI_0444_cr-scaled.jpg 2560w, https:\/\/home-katerphoto.de\/wp-content\/uploads\/2025\/08\/DJI_0444_cr-480x270.jpg 480w, https:\/\/home-katerphoto.de\/wp-content\/uploads\/2025\/08\/DJI_0444_cr-1024x576.jpg 1024w, https:\/\/home-katerphoto.de\/wp-content\/uploads\/2025\/08\/DJI_0444_cr-160x90.jpg 160w, https:\/\/home-katerphoto.de\/wp-content\/uploads\/2025\/08\/DJI_0444_cr-1536x864.jpg 1536w, https:\/\/home-katerphoto.de\/wp-content\/uploads\/2025\/08\/DJI_0444_cr-2048x1152.jpg 2048w\" sizes=\"auto, (max-width: 2560px) 100vw, 2560px\" \/><\/a><\/p>\n<p><strong>Thrakien &amp; Makedonien \u2013 Griechenland abseits bekannter Touristenziele <\/strong><\/p>\n<p style=\"text-align: justify;\">Fernab der typischen Touristenpfade zeigt sich Griechenland von einer \u00fcberraschenden Seite. Seidenraupen in Soufl\u00ed, Wasserb\u00fcffel am Vistonida-See und ein uralter Olivenhain bei Makri haben mich lange festgehalten. Ich besuchte die Feuerl\u00e4ufer, die barfu\u00df durch die Glut laufen und muslimische Pomakend\u00f6rfer, in denen das Leben eine andere Sprache spricht. Und in der romantischen Nestos-Schlucht erinnert eine Zugstrecke an abenteuerliche Reisen mit dem Orient-Express.<\/p>\n<p style=\"text-align: justify;\">Die Region Thrakien\/Makedonien ist eine der \u00e4ltesten Kulturlandschaften auf dem Balkan, und bietet auch heute noch unbekannte Besonderheiten. Je weiter man in den Nordosten reist, desto spannender wird es. Touristen haben diese Region bisher kaum f\u00fcr sich entdeckt. Die Via Egnatia, die antike r\u00f6mische Milit\u00e4r- und Handelsstra\u00dfe, l\u00e4uft quer durch diese Region. Auch sie kennt kaum noch jemand.<\/p>\n<p style=\"text-align: justify;\">Die digitale Multivision mit faszinierenden Fotos und Videos dauert ca. 75 Minuten und wird von mir live kommentiert.<br \/>\n&nbsp;<a href=\"https:\/\/home-katerphoto.de\/wp-content\/uploads\/2025\/08\/Flyer_Thrakien_-aussen_neueFarbe_red-scaled.jpg\">Flyer_Seite1<\/a>&nbsp; &nbsp; <a href=\"https:\/\/home-katerphoto.de\/wp-content\/uploads\/2025\/08\/Flyer_Thrakien_-innen_neueFarbe_red-scaled.jpg\">Flyer_Seite2 <\/a>&nbsp; &nbsp; <a href=\"https:\/\/foto-spuren.de\/?page_id=2737\">Bei den Pomaken<\/a><\/p>\n","protected":false},"excerpt":{"rendered":"<p>Thrakien &amp; Makedonien \u2013 Griechenland abseits bekannter Touristenziele Fernab der typischen Touristenpfade zeigt sich Griechenland von einer \u00fcberraschenden Seite. Seidenraupen in Soufl\u00ed, Wasserb\u00fcffel am Vistonida-See und ein uralter Olivenhain bei Makri haben mich lange festgehalten. Ich besuchte die Feuerl\u00e4ufer, die &hellip; <a href=\"https:\/\/foto-spuren.de\/?page_id=2434\">Weiterlesen <span class=\"meta-nav\">&rarr;<\/span><\/a><\/p>\n","protected":false},"author":1,"featured_media":2439,"parent":0,"menu_order":1,"comment_status":"closed","ping_status":"closed","template":"","meta":{"ngg_post_thumbnail":0,"footnotes":""},"class_list":["post-2434","page","type-page","status-publish","has-post-thumbnail","hentry"],"_links":{"self":[{"href":"https:\/\/foto-spuren.de\/index.php?rest_route=\/wp\/v2\/pages\/2434","targetHints":{"allow":["GET"]}}],"collection":[{"href":"https:\/\/foto-spuren.de\/index.php?rest_route=\/wp\/v2\/pages"}],"about":[{"href":"https:\/\/foto-spuren.de\/index.php?rest_route=\/wp\/v2\/types\/page"}],"author":[{"embeddable":true,"href":"https:\/\/foto-spuren.de\/index.php?rest_route=\/wp\/v2\/users\/1"}],"replies":[{"embeddable":true,"href":"https:\/\/foto-spuren.de\/index.php?rest_route=%2Fwp%2Fv2%2Fcomments&post=2434"}],"version-history":[{"count":13,"href":"https:\/\/foto-spuren.de\/index.php?rest_route=\/wp\/v2\/pages\/2434\/revisions"}],"predecessor-version":[{"id":2814,"href":"https:\/\/foto-spuren.de\/index.php?rest_route=\/wp\/v2\/pages\/2434\/revisions\/2814"}],"wp:featuredmedia":[{"embeddable":true,"href":"https:\/\/foto-spuren.de\/index.php?rest_route=\/wp\/v2\/media\/2439"}],"wp:attachment":[{"href":"https:\/\/foto-spuren.de\/index.php?rest_route=%2Fwp%2Fv2%2Fmedia&parent=2434"}],"curies":[{"name":"wp","href":"https:\/\/api.w.org\/{rel}","templated":true}]}}