{"id":2288,"date":"2025-04-12T13:58:13","date_gmt":"2025-04-12T12:58:13","guid":{"rendered":"https:\/\/foto-spuren.de\/?page_id=2288"},"modified":"2025-08-15T17:56:03","modified_gmt":"2025-08-15T16:56:03","slug":"ueber-mich","status":"publish","type":"page","link":"https:\/\/foto-spuren.de\/?page_id=2288","title":{"rendered":"\u00dcber mich! \/ \u03a3\u03c7\u03b5\u03c4\u03b9\u03ba\u03ac \u03bc\u03b5 \u03bc\u03ad\u03bd\u03b1!"},"content":{"rendered":"<p>Lothar Hoppen ist ein ausgesprochener Griechenlandkenner. Die erste Reise nach Griechenland unternahm er schon w\u00e4hrend seines Ingenieurstudiums in der Mitte der 1970er Jahre. Mit Rucksack und Zelt bewanderte er die Chalkidiki. Die Natur war \u00fcberw\u00e4ltigend sch\u00f6n, Sonne und Meer ein Geschenk. Aber was ihn am meisten beeindruckte, war die Warmherzigkeit der Menschen. Dass man f\u00fcr Gast und Fremder nur ein Wort hat, o xenos, hat er bei vielen Begegnungen dankbar erfahren. &nbsp;Dann lie\u00df ihn das Land nicht mehr los. Als engagierter Hobbyfotograf&nbsp; begann er seine Reisen zu dokumentieren. Der Besuch der M\u00f6nchsrepublik Athos und die reiche Fotoausbeute, hat ihn dazu bewegt seine Reisedokumentationen \u00f6ffentlich zu pr\u00e4sentieren. Die erste Fotoschau entstand. Die Begeisterung f\u00fcr Griechenland wurde auch in seiner Familie geteilt. Irgendwann fand er zusammen mit seiner Tochter den Weg zu der Kykladen-Insel Syros. Der Vorschlag der Tochter, hier doch ein Haus zu erwerben, erschien der Familie als unerreichbarer Traum. Der wurde jedoch wenige Jahre sp\u00e4ter wahr. Seitdem lebt Lothar Hoppen mehrere Monate im Jahr auf Syros und freut sich dar\u00fcber, Teil einer griechischen Gemeinde zu sein. Sein Hobby hat er professionell ausgebaut. Seine Multivisions-Schauen \u00fcber die griechischen Inseln, \u00fcber Kultur und Natur, sind in Deutschland und dar\u00fcber hinaus bekannt geworden.<\/p>\n<p>&nbsp;<\/p>\n<h2>\u03a3\u03c7\u03b5\u03c4\u03b9\u03ba\u03ac \u03bc\u03b5 \u03bc\u03ad\u03bd\u03b1!<\/h2>\n<p>\u039f Lothar Hoppen \u03b5\u03af\u03bd\u03b1\u03b9 \u03ad\u03bd\u03b1\u03c2 \u03b5\u03b9\u03bb\u03b9\u03ba\u03c1\u03b9\u03bd\u03ae\u03c2 \u0388\u03bb\u03bb\u03b7\u03bd\u03b1\u03c2 \u03b3\u03bd\u03ce\u03c3\u03c4\u03b7\u03c2. \u0388\u03ba\u03b1\u03bd\u03b5 \u03c4\u03bf \u03c0\u03c1\u03ce\u03c4\u03bf \u03c4\u03bf\u03c5 \u03c4\u03b1\u03be\u03af\u03b4\u03b9 \u03c3\u03c4\u03b7\u03bd \u0395\u03bb\u03bb\u03ac\u03b4\u03b1 \u03b5\u03bd\u03ce \u03c3\u03c0\u03bf\u03cd\u03b4\u03b1\u03b6\u03b5 \u03bc\u03b7\u03c7\u03b1\u03bd\u03b9\u03ba\u03cc\u03c2 \u03c3\u03c4\u03b1 \u03bc\u03ad\u03c3\u03b1 \u03c4\u03b7\u03c2 \u03b4\u03b5\u03ba\u03b1\u03b5\u03c4\u03af\u03b1\u03c2 \u03c4\u03bf\u03c5 1970. \u039c\u03b5 \u03ad\u03bd\u03b1 \u03c3\u03b1\u03ba\u03af\u03b4\u03b9\u03bf \u03ba\u03b1\u03b9 \u03bc\u03b9\u03b1 \u03c3\u03ba\u03b7\u03bd\u03ae \u03ad\u03ba\u03b1\u03bd\u03b5 \u03c0\u03b5\u03b6\u03bf\u03c0\u03bf\u03c1\u03af\u03b1 \u03c3\u03c4\u03b7 \u03a7\u03b1\u03bb\u03ba\u03b9\u03b4\u03b9\u03ba\u03ae. \u0397 \u03c6\u03cd\u03c3\u03b7 \u03ae\u03c4\u03b1\u03bd \u03c3\u03c5\u03bd\u03c4\u03c1\u03b9\u03c0\u03c4\u03b9\u03ba\u03ac \u03cc\u03bc\u03bf\u03c1\u03c6\u03b7, \u03bf \u03ae\u03bb\u03b9\u03bf\u03c2 \u03ba\u03b1\u03b9 \u03b7 \u03b8\u03ac\u03bb\u03b1\u03c3\u03c3\u03b1 \u03b4\u03ce\u03c1\u03bf. \u0391\u03c5\u03c4\u03cc \u03cc\u03bc\u03c9\u03c2 \u03c0\u03bf\u03c5 \u03c4\u03bf\u03c5 \u03ad\u03ba\u03b1\u03bd\u03b5 \u03bc\u03b5\u03b3\u03b1\u03bb\u03cd\u03c4\u03b5\u03c1\u03b7 \u03b5\u03bd\u03c4\u03cd\u03c0\u03c9\u03c3\u03b7 \u03ae\u03c4\u03b1\u03bd \u03b7 \u03b6\u03b5\u03c3\u03c4\u03b1\u03c3\u03b9\u03ac \u03c4\u03bf\u03c5 \u03ba\u03cc\u03c3\u03bc\u03bf\u03c5. \u039a\u03b1\u03c4\u03ac \u03c4\u03b7 \u03b4\u03b9\u03ac\u03c1\u03ba\u03b5\u03b9\u03b1 \u03c0\u03bf\u03bb\u03bb\u03ce\u03bd \u03c3\u03c5\u03bd\u03b1\u03bd\u03c4\u03ae\u03c3\u03b5\u03c9\u03bd, \u03ae\u03c4\u03b1\u03bd \u03b5\u03c5\u03b3\u03bd\u03ce\u03bc\u03c9\u03bd \u03c0\u03bf\u03c5 \u03ad\u03bc\u03b1\u03b8\u03b5 \u03cc\u03c4\u03b9 \u03ad\u03c7\u03b5\u03c4\u03b5 \u03bc\u03cc\u03bd\u03bf \u03bc\u03b9\u03b1 \u03bb\u03ad\u03be\u03b7 \u03b3\u03b9\u03b1 \u03ba\u03b1\u03bb\u03b5\u03c3\u03bc\u03ad\u03bd\u03bf\u03c5\u03c2 \u03ba\u03b1\u03b9 \u03be\u03ad\u03bd\u03bf\u03c5\u03c2, o \u03be\u03ad\u03bd\u03bf\u03c2. \u03a4\u03cc\u03c4\u03b5 \u03b7 \u03b3\u03b7 \u03b4\u03b5\u03bd \u03c4\u03bf\u03bd \u03ac\u03c6\u03b7\u03c3\u03b5 \u03c0\u03bf\u03c4\u03ad. \u03a9\u03c2 \u03b1\u03c6\u03bf\u03c3\u03b9\u03c9\u03bc\u03ad\u03bd\u03bf\u03c2 \u03b5\u03c1\u03b1\u03c3\u03b9\u03c4\u03ad\u03c7\u03bd\u03b7\u03c2 \u03c6\u03c9\u03c4\u03bf\u03b3\u03c1\u03ac\u03c6\u03bf\u03c2, \u03ac\u03c1\u03c7\u03b9\u03c3\u03b5 \u03bd\u03b1 \u03ba\u03b1\u03c4\u03b1\u03b3\u03c1\u03ac\u03c6\u03b5\u03b9 \u03c4\u03b1 \u03c4\u03b1\u03be\u03af\u03b4\u03b9\u03b1 \u03c4\u03bf\u03c5. \u0397 \u03b5\u03c0\u03af\u03c3\u03ba\u03b5\u03c8\u03b7 \u03c3\u03c4\u03b7 \u03bc\u03bf\u03bd\u03b1\u03c3\u03c4\u03b9\u03ba\u03ae \u03b4\u03b7\u03bc\u03bf\u03ba\u03c1\u03b1\u03c4\u03af\u03b1 \u03c4\u03bf\u03c5 \u0386\u03b8\u03c9 \u03ba\u03b1\u03b9 \u03b7 \u03c0\u03bb\u03bf\u03cd\u03c3\u03b9\u03b1 \u03c6\u03c9\u03c4\u03bf\u03b3\u03c1\u03b1\u03c6\u03b9\u03ba\u03ae \u03b1\u03c0\u03cc\u03b4\u03bf\u03c3\u03b7 \u03c4\u03bf\u03bd \u03c3\u03c5\u03b3\u03ba\u03af\u03bd\u03b7\u03c3\u03b1\u03bd \u03bd\u03b1 \u03c0\u03b1\u03c1\u03bf\u03c5\u03c3\u03b9\u03ac\u03c3\u03b5\u03b9 \u03b4\u03b7\u03bc\u03cc\u03c3\u03b9\u03b1 \u03c4\u03b1 \u03c4\u03b1\u03be\u03b9\u03b4\u03b9\u03c9\u03c4\u03b9\u03ba\u03ac \u03c4\u03bf\u03c5 \u03bd\u03c4\u03bf\u03ba\u03b9\u03bc\u03b1\u03bd\u03c4\u03ad\u03c1. \u03a0\u03c1\u03b1\u03b3\u03bc\u03b1\u03c4\u03bf\u03c0\u03bf\u03b9\u03ae\u03b8\u03b7\u03ba\u03b5 \u03b7 \u03c0\u03c1\u03ce\u03c4\u03b7 \u03c6\u03c9\u03c4\u03bf\u03b3\u03c1\u03ac\u03c6\u03b7\u03c3\u03b7. \u039f \u03b5\u03bd\u03b8\u03bf\u03c5\u03c3\u03b9\u03b1\u03c3\u03bc\u03cc\u03c2 \u03b3\u03b9\u03b1 \u03c4\u03b7\u03bd \u0395\u03bb\u03bb\u03ac\u03b4\u03b1 \u03ae\u03c4\u03b1\u03bd \u03ba\u03bf\u03b9\u03bd\u03cc\u03c2 \u03ba\u03b1\u03b9 \u03c3\u03c4\u03b7\u03bd \u03bf\u03b9\u03ba\u03bf\u03b3\u03ad\u03bd\u03b5\u03b9\u03ac \u03c4\u03bf\u03c5. \u039a\u03ac\u03c0\u03bf\u03b9\u03b1 \u03c3\u03c4\u03b9\u03b3\u03bc\u03ae \u03bc\u03b1\u03b6\u03af \u03bc\u03b5 \u03c4\u03b7\u03bd \u03ba\u03cc\u03c1\u03b7 \u03c4\u03bf\u03c5 \u03b2\u03c1\u03ae\u03ba\u03b1\u03bd \u03c4\u03bf\u03bd \u03b4\u03c1\u03cc\u03bc\u03bf \u03b3\u03b9\u03b1 \u03c4\u03b7 \u03a3\u03cd\u03c1\u03bf. \u0397 \u03c0\u03c1\u03cc\u03c4\u03b1\u03c3\u03b7 \u03c4\u03b7\u03c2 \u03ba\u03cc\u03c1\u03b7\u03c2 \u03bd\u03b1 \u03b1\u03b3\u03bf\u03c1\u03ac\u03c3\u03b5\u03b9 \u03ad\u03bd\u03b1 \u03c3\u03c0\u03af\u03c4\u03b9 \u03b5\u03b4\u03ce \u03c6\u03b1\u03b9\u03bd\u03cc\u03c4\u03b1\u03bd \u03c3\u03c4\u03b7\u03bd \u03bf\u03b9\u03ba\u03bf\u03b3\u03ad\u03bd\u03b5\u03b9\u03b1 \u03ad\u03bd\u03b1 \u03ac\u03c0\u03b9\u03b1\u03c3\u03c4\u03bf \u03cc\u03bd\u03b5\u03b9\u03c1\u03bf. \u03a9\u03c3\u03c4\u03cc\u03c3\u03bf, \u03b1\u03c5\u03c4\u03cc \u03ad\u03b3\u03b9\u03bd\u03b5 \u03c0\u03c1\u03b1\u03b3\u03bc\u03b1\u03c4\u03b9\u03ba\u03cc\u03c4\u03b7\u03c4\u03b1 \u03bb\u03af\u03b3\u03b1 \u03c7\u03c1\u03cc\u03bd\u03b9\u03b1 \u03b1\u03c1\u03b3\u03cc\u03c4\u03b5\u03c1\u03b1. \u0388\u03ba\u03c4\u03bf\u03c4\u03b5, \u03bf Lothar Hoppen \u03b6\u03b5\u03b9 \u03c3\u03c4\u03b7 \u03a3\u03cd\u03c1\u03bf \u03b1\u03c1\u03ba\u03b5\u03c4\u03bf\u03cd\u03c2 \u03bc\u03ae\u03bd\u03b5\u03c2 \u03c4\u03bf \u03c7\u03c1\u03cc\u03bd\u03bf \u03ba\u03b1\u03b9 \u03c7\u03b1\u03af\u03c1\u03b5\u03c4\u03b1\u03b9 \u03c0\u03bf\u03c5 \u03b5\u03af\u03bd\u03b1\u03b9 \u03bc\u03ad\u03bb\u03bf\u03c2 \u03bc\u03b9\u03b1\u03c2 \u03b5\u03bb\u03bb\u03b7\u03bd\u03b9\u03ba\u03ae\u03c2 \u03ba\u03bf\u03b9\u03bd\u03cc\u03c4\u03b7\u03c4\u03b1\u03c2. \u0388\u03c7\u03b5\u03b9 \u03b5\u03c0\u03b5\u03ba\u03c4\u03b5\u03af\u03bd\u03b5\u03b9 \u03c4\u03bf \u03c7\u03cc\u03bc\u03c0\u03b9 \u03c4\u03bf\u03c5 \u03b5\u03c0\u03b1\u03b3\u03b3\u03b5\u03bb\u03bc\u03b1\u03c4\u03b9\u03ba\u03ac. <span class=\"HwtZe\" lang=\"el\"><span class=\"jCAhz ChMk0b\"><span class=\"ryNqvb\">\u039f\u03b9 \u03b5\u03ba\u03b8\u03ad\u03c3\u03b5\u03b9\u03c2 \u03c6\u03c9\u03c4\u03bf\u03b3\u03c1\u03b1\u03c6\u03af\u03b1\u03c2 \u03b3\u03b9\u03b1 \u03c4\u03b1 \u03b5\u03bb\u03bb\u03b7\u03bd\u03b9\u03ba\u03ac \u03bd\u03b7\u03c3\u03b9\u03ac, \u03c4\u03b7 \u03c6\u03cd\u03c3\u03b7 \u03ba\u03b1\u03b9 \u03c4\u03bf\u03bd \u03c0\u03bf\u03bb\u03b9\u03c4\u03b9\u03c3\u03bc\u03cc \u03ad\u03c7\u03bf\u03c5\u03bd \u03b3\u03af\u03bd\u03b5\u03b9 \u03b3\u03bd\u03c9\u03c3\u03c4\u03ad\u03c2 \u03c3\u03c4\u03b7 \u0393\u03b5\u03c1\u03bc\u03b1\u03bd\u03af\u03b1 \u03ba\u03b1\u03b9 \u03cc\u03c7\u03b9 \u03bc\u03cc\u03bd\u03bf.<\/span><\/span><\/span><\/p>\n","protected":false},"excerpt":{"rendered":"<p>Lothar Hoppen ist ein ausgesprochener Griechenlandkenner. Die erste Reise nach Griechenland unternahm er schon w\u00e4hrend seines Ingenieurstudiums in der Mitte der 1970er Jahre. Mit Rucksack und Zelt bewanderte er die Chalkidiki. Die Natur war \u00fcberw\u00e4ltigend sch\u00f6n, Sonne und Meer ein &hellip; <a href=\"https:\/\/foto-spuren.de\/?page_id=2288\">Weiterlesen <span class=\"meta-nav\">&rarr;<\/span><\/a><\/p>\n","protected":false},"author":1,"featured_media":3076,"parent":0,"menu_order":2,"comment_status":"closed","ping_status":"closed","template":"","meta":{"ngg_post_thumbnail":0,"footnotes":""},"class_list":["post-2288","page","type-page","status-publish","has-post-thumbnail","hentry"],"_links":{"self":[{"href":"https:\/\/foto-spuren.de\/index.php?rest_route=\/wp\/v2\/pages\/2288","targetHints":{"allow":["GET"]}}],"collection":[{"href":"https:\/\/foto-spuren.de\/index.php?rest_route=\/wp\/v2\/pages"}],"about":[{"href":"https:\/\/foto-spuren.de\/index.php?rest_route=\/wp\/v2\/types\/page"}],"author":[{"embeddable":true,"href":"https:\/\/foto-spuren.de\/index.php?rest_route=\/wp\/v2\/users\/1"}],"replies":[{"embeddable":true,"href":"https:\/\/foto-spuren.de\/index.php?rest_route=%2Fwp%2Fv2%2Fcomments&post=2288"}],"version-history":[{"count":7,"href":"https:\/\/foto-spuren.de\/index.php?rest_route=\/wp\/v2\/pages\/2288\/revisions"}],"predecessor-version":[{"id":3075,"href":"https:\/\/foto-spuren.de\/index.php?rest_route=\/wp\/v2\/pages\/2288\/revisions\/3075"}],"wp:featuredmedia":[{"embeddable":true,"href":"https:\/\/foto-spuren.de\/index.php?rest_route=\/wp\/v2\/media\/3076"}],"wp:attachment":[{"href":"https:\/\/foto-spuren.de\/index.php?rest_route=%2Fwp%2Fv2%2Fmedia&parent=2288"}],"curies":[{"name":"wp","href":"https:\/\/api.w.org\/{rel}","templated":true}]}}