{"id":2275,"date":"2025-02-16T11:33:48","date_gmt":"2025-02-16T10:33:48","guid":{"rendered":"http:\/\/foto-spuren.de\/?page_id=2275"},"modified":"2026-02-07T15:21:28","modified_gmt":"2026-02-07T14:21:28","slug":"epirus-termine","status":"publish","type":"page","link":"https:\/\/foto-spuren.de\/?page_id=2275","title":{"rendered":"Epirus"},"content":{"rendered":"<h2><strong>EPIRUS: Die unbekannte Sch\u00f6nheit Griechenlands<\/strong><\/h2>\n<p style=\"text-align: justify;\">Die Region EPIRUS im Nordwesten Griechenlands bietet eine atemberaubende Landschaft mit m\u00e4chtigen Bergen, tiefen Schluchten und sch\u00e4umenden Fl\u00fcssen. In den Naturschutzgebieten Zagori und Tsoumerka gibt es viel zu entdecken! Zagori hei\u00dft \u201eLand hinter den Bergen\u201c. Und so ist es auch. Die 46 Zagoriad\u00f6rfer liegen versteckt zwischen den Bergen und an den R\u00e4ndern tiefer Schluchten. Osmanische Bogenbr\u00fccken und unz\u00e4hlige Steinpfade, die Kalderimi, haben die D\u00f6rfer einst verbunden. Sie haben den Handel der D\u00f6rfer untereinander erm\u00f6glicht. Heute sind es gern genutzte Wanderwege.<br \/>\nDer Vortrag spannt einen Bogen aus der Antike \u00fcber die Zeit der osmanischen Besatzung bis in das heutige Leben der Hauptstadt Ioannina.&nbsp; Die digitale Multivision mit fantastischen Fotos und Videos wird live kommentiert.&nbsp;&nbsp;<\/p>\n<h3><a href=\"https:\/\/foto-spuren.de\/?page_id=2873\">Fotogalerie<\/a> &nbsp; <a href=\"https:\/\/home-katerphoto.de\/wp-content\/uploads\/2025\/08\/Flyer_Epirus_Seite_2.jpg\">Flyer_S2<\/a> <a href=\"https:\/\/home-katerphoto.de\/wp-content\/uploads\/2025\/08\/Flyer_Epirus_Site_1.jpg\">Flyer_S1<\/a><\/h3>\n<p><a href=\"https:\/\/home-katerphoto.de\/wp-content\/uploads\/2025\/08\/Epirus_Titelfoto_1.jpg\"><img loading=\"lazy\" decoding=\"async\" class=\"alignleft size-full wp-image-2420\" src=\"https:\/\/home-katerphoto.de\/wp-content\/uploads\/2025\/08\/Epirus_Titelfoto_1.jpg\" alt=\"\" width=\"1920\" height=\"1080\" srcset=\"https:\/\/home-katerphoto.de\/wp-content\/uploads\/2025\/08\/Epirus_Titelfoto_1.jpg 1920w, https:\/\/home-katerphoto.de\/wp-content\/uploads\/2025\/08\/Epirus_Titelfoto_1-480x270.jpg 480w, https:\/\/home-katerphoto.de\/wp-content\/uploads\/2025\/08\/Epirus_Titelfoto_1-1024x576.jpg 1024w, https:\/\/home-katerphoto.de\/wp-content\/uploads\/2025\/08\/Epirus_Titelfoto_1-160x90.jpg 160w, https:\/\/home-katerphoto.de\/wp-content\/uploads\/2025\/08\/Epirus_Titelfoto_1-1536x864.jpg 1536w\" sizes=\"auto, (max-width: 1920px) 100vw, 1920px\" \/><\/a><br \/>\nVortrags-Trailer <a href=\"https:\/\/youtu.be\/dr7msgGTyuE\">deutsch<\/a>.&nbsp; und &nbsp;<a href=\"https:\/\/youtu.be\/TrbGj-db-f0\">griechisch<\/a>.<br \/>\nEPIRUS: 18. November 2023, Deutsch-Griechische-Ges., B\u00f6blingen, <a href=\"http:\/\/www.dgg-bb.de\/\">Infos&lt;<\/a><\/p>\n<p>EPIRUS: 20. Februar 2024, DGG Hannover, <a href=\"https:\/\/www.dgg-hannover.de\/Termine\/Vortraege\/\">Link.<\/a><br \/>\nEPIRUS: 24. Februar 2024, DGG-Wolfsburg-Braunschweig, <a href=\"https:\/\/dggbs.de\/2023\/11\/17\/reisebericht-epirus-die-unbekannte-schoenheit-in-griechenland\/\">Link<\/a><br \/>\nEPIRUS: 20. M\u00e4rz 2024, DGG Kiel\/F\u00f6rde-VHS,&nbsp; <a href=\"https:\/\/www.foerde-vhs.de\/programm\/gesellschaft-und-kulturelles-leben\/kurs\/Epirus-Die-unbekannte-Schoenheit-Griechenlands-Vortrag-Multivision\/24F10010V#inhalt\">Link<\/a>&nbsp;<br \/>\nEPIRUS: 14. M\u00e4rz 2024,&nbsp; VHS-Essen, <a href=\"https:\/\/www.vhs-essen.de\/kurssuche\/kurs\/Bildvortrag-Epirus-Die-unbekannte-Schoenheit-Griechenlands\/241.2B018N\">Link<\/a><br \/>\nEPIRUS: 24. April 2024,&nbsp; Cafe &#8222;Himmel un \u00c4\u00e4d&#8220;, BGL-Schildgen<br \/>\nEPIRUS: 29. April 2024, DGG D\u00fcsseldorf, Zentralbibliothek, <a href=\"https:\/\/de-gr-gesellschaft.com\/index.html\">Link<\/a><br \/>\nEPIRUS: 22. November 2024, DGG Frankfurt, Universit\u00e4t,<\/p>\n<p>EPIRUS:&nbsp; 13. M\u00e4rz 2025, DGG Hamburg, Staats- und Universit\u00e4tsbibliothek <a href=\"https:\/\/blog.sub.uni-hamburg.de\/wp-content\/uploads\/2025\/02\/03-25_Stabi_Programmflyer-web.pdf\">Link<\/a><br \/>\nEPIRUS:&nbsp; 15. M\u00e4rz 2025, POP &#8211; K\u00f6ln, Melanchton Akademie <a href=\"https:\/\/www.melanchthon-akademie.de\/programm\/kurs\/20041-epirus-die-unbekannte-schoenheit-griechenlands\">Link<\/a><\/p>\n<h3>EPIRUS:&nbsp; 30. Juni 2026, Birkenhof-Wohnstift, Hannover Kirchrode<\/h3>\n","protected":false},"excerpt":{"rendered":"<p>EPIRUS: Die unbekannte Sch\u00f6nheit Griechenlands Die Region EPIRUS im Nordwesten Griechenlands bietet eine atemberaubende Landschaft mit m\u00e4chtigen Bergen, tiefen Schluchten und sch\u00e4umenden Fl\u00fcssen. In den Naturschutzgebieten Zagori und Tsoumerka gibt es viel zu entdecken! Zagori hei\u00dft \u201eLand hinter den Bergen\u201c. &hellip; <a href=\"https:\/\/foto-spuren.de\/?page_id=2275\">Weiterlesen <span class=\"meta-nav\">&rarr;<\/span><\/a><\/p>\n","protected":false},"author":1,"featured_media":2903,"parent":972,"menu_order":0,"comment_status":"closed","ping_status":"closed","template":"","meta":{"ngg_post_thumbnail":0,"footnotes":""},"class_list":["post-2275","page","type-page","status-publish","has-post-thumbnail","hentry"],"_links":{"self":[{"href":"https:\/\/foto-spuren.de\/index.php?rest_route=\/wp\/v2\/pages\/2275","targetHints":{"allow":["GET"]}}],"collection":[{"href":"https:\/\/foto-spuren.de\/index.php?rest_route=\/wp\/v2\/pages"}],"about":[{"href":"https:\/\/foto-spuren.de\/index.php?rest_route=\/wp\/v2\/types\/page"}],"author":[{"embeddable":true,"href":"https:\/\/foto-spuren.de\/index.php?rest_route=\/wp\/v2\/users\/1"}],"replies":[{"embeddable":true,"href":"https:\/\/foto-spuren.de\/index.php?rest_route=%2Fwp%2Fv2%2Fcomments&post=2275"}],"version-history":[{"count":17,"href":"https:\/\/foto-spuren.de\/index.php?rest_route=\/wp\/v2\/pages\/2275\/revisions"}],"predecessor-version":[{"id":3582,"href":"https:\/\/foto-spuren.de\/index.php?rest_route=\/wp\/v2\/pages\/2275\/revisions\/3582"}],"up":[{"embeddable":true,"href":"https:\/\/foto-spuren.de\/index.php?rest_route=\/wp\/v2\/pages\/972"}],"wp:featuredmedia":[{"embeddable":true,"href":"https:\/\/foto-spuren.de\/index.php?rest_route=\/wp\/v2\/media\/2903"}],"wp:attachment":[{"href":"https:\/\/foto-spuren.de\/index.php?rest_route=%2Fwp%2Fv2%2Fmedia&parent=2275"}],"curies":[{"name":"wp","href":"https:\/\/api.w.org\/{rel}","templated":true}]}}