{"id":2,"date":"2011-11-08T19:00:31","date_gmt":"2011-11-08T19:00:31","guid":{"rendered":"http:\/\/home-katerphoto.de\/?page_id=2"},"modified":"2025-08-31T17:06:35","modified_gmt":"2025-08-31T16:06:35","slug":"athos","status":"publish","type":"page","link":"https:\/\/foto-spuren.de\/?page_id=2","title":{"rendered":"ATHOS &#8211; Republik der M\u00f6nche"},"content":{"rendered":"<h3><a href=\"https:\/\/home-katerphoto.de\/wp-content\/uploads\/2025\/08\/Flyer_Athos_1.jpg\">FlyerSeite_1<\/a>&nbsp; &nbsp;<a href=\"https:\/\/home-katerphoto.de\/wp-content\/uploads\/2025\/08\/Flyer_Athos_2.jpg\">FlyerSeite_2<\/a>&nbsp; &nbsp;<a href=\"https:\/\/foto-spuren.de\/?page_id=3161\">Fotogallerie<\/a><a href=\"https:\/\/home-katerphoto.de\/wp-content\/uploads\/2025\/08\/Collage_11_3-2_Eremeit_red-1.jpg\"><img loading=\"lazy\" decoding=\"async\" class=\"alignleft size-full wp-image-3372\" src=\"https:\/\/home-katerphoto.de\/wp-content\/uploads\/2025\/08\/Collage_11_3-2_Eremeit_red-1.jpg\" alt=\"\" width=\"1920\" height=\"1280\" srcset=\"https:\/\/home-katerphoto.de\/wp-content\/uploads\/2025\/08\/Collage_11_3-2_Eremeit_red-1.jpg 1920w, https:\/\/home-katerphoto.de\/wp-content\/uploads\/2025\/08\/Collage_11_3-2_Eremeit_red-1-480x320.jpg 480w, https:\/\/home-katerphoto.de\/wp-content\/uploads\/2025\/08\/Collage_11_3-2_Eremeit_red-1-1024x683.jpg 1024w, https:\/\/home-katerphoto.de\/wp-content\/uploads\/2025\/08\/Collage_11_3-2_Eremeit_red-1-1536x1024.jpg 1536w\" sizes=\"auto, (max-width: 1920px) 100vw, 1920px\" \/><\/a><\/h3>\n<p style=\"text-align: justify;\">Der \u00f6stliche Finger der griechischen Halbinsel Chalkidiki geh\u00f6rt zu den heiligen Bergen der orthodoxen Kirche. Bereits im 8. Jahrhundert gab es organisiertes M\u00f6nchstum und die Anzahl der Kl\u00f6ster wuchs auf fast 300. Barbaren, fremde Herrscher und vor allem Piraten, zerst\u00f6rten auf ihren Raubz\u00fcgen die meisten dieser Kl\u00f6ster. Heute gibt es noch&nbsp;&nbsp;&nbsp; 20 Gro\u00dfkl\u00f6ster, 12 Skiten und viele Kellien. Die derzeit etwa 2.500 M\u00f6nche auf dem &#8222;Heiligen Berg&#8220;, leben nach dem Julianischen Kalender, der unserem um ca. 2 Wochen hinterherhinkt. Auch die Uhren ticken anders! Denn die Uhrzeit wird nach dem Byzantinischen System geregelt und der Tag beginnt bei Sonnenuntergang.&lt;p<\/p>\n<p><a href=\"https:\/\/home-katerphoto.de\/wp-content\/uploads\/2025\/08\/Dochiariou0001_cr-scaled.jpg\"><img loading=\"lazy\" decoding=\"async\" class=\"alignleft size-full wp-image-2377\" src=\"https:\/\/home-katerphoto.de\/wp-content\/uploads\/2025\/08\/Dochiariou0001_cr-scaled.jpg\" alt=\"\" width=\"2560\" height=\"1440\" srcset=\"https:\/\/home-katerphoto.de\/wp-content\/uploads\/2025\/08\/Dochiariou0001_cr-scaled.jpg 2560w, https:\/\/home-katerphoto.de\/wp-content\/uploads\/2025\/08\/Dochiariou0001_cr-480x270.jpg 480w, https:\/\/home-katerphoto.de\/wp-content\/uploads\/2025\/08\/Dochiariou0001_cr-1024x576.jpg 1024w, https:\/\/home-katerphoto.de\/wp-content\/uploads\/2025\/08\/Dochiariou0001_cr-160x90.jpg 160w, https:\/\/home-katerphoto.de\/wp-content\/uploads\/2025\/08\/Dochiariou0001_cr-1536x864.jpg 1536w, https:\/\/home-katerphoto.de\/wp-content\/uploads\/2025\/08\/Dochiariou0001_cr-2048x1152.jpg 2048w\" sizes=\"auto, (max-width: 2560px) 100vw, 2560px\" \/><\/a><\/p>\n<p style=\"text-align: justify;\">Einige Kl\u00f6ster wurden bereits aufw\u00e4ndig renoviert und bieten auch dem Pilger einen angenehmen Aufenthalt. In anderen lebt man bewu\u00dft wie im Mittelalter. Das bedeutet, dass man weder elektrischen Strom hat, noch warmes Wasser und erst recht keine Heizung. Die Einreisebestimmungen sind sehr streng. Ein Visum muss mindestens 6 Monate vor dem geplanten Besuch beantragt werden und erlaubt den Aufenthalt f\u00fcr 3 N\u00e4chte.<\/p>\n<p><a href=\"https:\/\/home-katerphoto.de\/wp-content\/uploads\/2025\/08\/DSC_0495_kr-scaled.jpg\"><img loading=\"lazy\" decoding=\"async\" class=\"alignleft size-full wp-image-3558\" src=\"https:\/\/home-katerphoto.de\/wp-content\/uploads\/2025\/08\/DSC_0495_kr-scaled.jpg\" alt=\"\" width=\"2560\" height=\"1440\" srcset=\"https:\/\/home-katerphoto.de\/wp-content\/uploads\/2025\/08\/DSC_0495_kr-scaled.jpg 2560w, https:\/\/home-katerphoto.de\/wp-content\/uploads\/2025\/08\/DSC_0495_kr-480x270.jpg 480w, https:\/\/home-katerphoto.de\/wp-content\/uploads\/2025\/08\/DSC_0495_kr-1024x576.jpg 1024w, https:\/\/home-katerphoto.de\/wp-content\/uploads\/2025\/08\/DSC_0495_kr-160x90.jpg 160w, https:\/\/home-katerphoto.de\/wp-content\/uploads\/2025\/08\/DSC_0495_kr-1536x864.jpg 1536w, https:\/\/home-katerphoto.de\/wp-content\/uploads\/2025\/08\/DSC_0495_kr-2048x1152.jpg 2048w\" sizes=\"auto, (max-width: 2560px) 100vw, 2560px\" \/><\/a><\/p>\n<p style=\"text-align: justify;\">T\u00e4glich d\u00fcrfen nur 110 Personen einreisen und davon maximal 10 Nicht-Orthodoxe! F\u00fcr Frauen ist der Zugang schon seit 1000 Jahren per Gesetz verboten &#8211; sogar weibliche Haustiere sind verboten. Die Unterkunft im Kloster und das gemeinsame Essen mit den M\u00f6nchen ist kostenlos. Es wird jedoch erwartet, dass man sich am Klosterleben beteiligt. Und das hei\u00dft, gegen 4 Uhr aufstehen und 3-4 Stunden Fr\u00fchmesse.<\/p>\n<p><a href=\"https:\/\/home-katerphoto.de\/wp-content\/uploads\/2025\/08\/DSC_0622_kr2-scaled.jpg\"><img loading=\"lazy\" decoding=\"async\" class=\"alignleft size-full wp-image-3555\" src=\"https:\/\/home-katerphoto.de\/wp-content\/uploads\/2025\/08\/DSC_0622_kr2-scaled.jpg\" alt=\"\" width=\"2560\" height=\"1440\" srcset=\"https:\/\/home-katerphoto.de\/wp-content\/uploads\/2025\/08\/DSC_0622_kr2-scaled.jpg 2560w, https:\/\/home-katerphoto.de\/wp-content\/uploads\/2025\/08\/DSC_0622_kr2-480x270.jpg 480w, https:\/\/home-katerphoto.de\/wp-content\/uploads\/2025\/08\/DSC_0622_kr2-1024x576.jpg 1024w, https:\/\/home-katerphoto.de\/wp-content\/uploads\/2025\/08\/DSC_0622_kr2-160x90.jpg 160w, https:\/\/home-katerphoto.de\/wp-content\/uploads\/2025\/08\/DSC_0622_kr2-1536x864.jpg 1536w, https:\/\/home-katerphoto.de\/wp-content\/uploads\/2025\/08\/DSC_0622_kr2-2048x1152.jpg 2048w\" sizes=\"auto, (max-width: 2560px) 100vw, 2560px\" \/><\/a><\/p>\n<p style=\"text-align: justify;\">Wie sieht sie aus, die Welt, in der ausschlie\u00dflich M\u00e4nner leben? Einerseits das selbstlose Dasein der M\u00f6nche mit t\u00e4glich 8-10 Stunden Gebet. Dann Eremiten, die in der Steilwand des Bergs Athos leben, um sich ganz und ungest\u00f6rt dem Gebet widmen zu k\u00f6nnen. Daneben aber auch schwarze Kutten, die mit dunklen Sonnenbrillen im Gel\u00e4ndewagen \u00fcber die Staubpisten der Klosterinsel brausen. Ein Besuch ist wie eine Zeitreise in eine andere Welt.<\/p>\n<p><a href=\"https:\/\/home-katerphoto.de\/wp-content\/uploads\/2025\/08\/DSC_1216_kr-scaled.jpg\"><img loading=\"lazy\" decoding=\"async\" class=\"alignleft size-full wp-image-3559\" src=\"https:\/\/home-katerphoto.de\/wp-content\/uploads\/2025\/08\/DSC_1216_kr-scaled.jpg\" alt=\"\" width=\"2560\" height=\"1440\" srcset=\"https:\/\/home-katerphoto.de\/wp-content\/uploads\/2025\/08\/DSC_1216_kr-scaled.jpg 2560w, https:\/\/home-katerphoto.de\/wp-content\/uploads\/2025\/08\/DSC_1216_kr-480x270.jpg 480w, https:\/\/home-katerphoto.de\/wp-content\/uploads\/2025\/08\/DSC_1216_kr-1024x576.jpg 1024w, https:\/\/home-katerphoto.de\/wp-content\/uploads\/2025\/08\/DSC_1216_kr-160x90.jpg 160w, https:\/\/home-katerphoto.de\/wp-content\/uploads\/2025\/08\/DSC_1216_kr-1536x864.jpg 1536w, https:\/\/home-katerphoto.de\/wp-content\/uploads\/2025\/08\/DSC_1216_kr-2048x1152.jpg 2048w\" sizes=\"auto, (max-width: 2560px) 100vw, 2560px\" \/><\/a><\/p>\n<p style=\"text-align: justify;\">Entdecken Sie die mystische Welt der M\u00f6nche, die gewagte Architektur der Kl\u00f6ster und die unverbrauchte Natur auf Athos in phantastischer digitaler Multivision. Die Schau wird live kommentiert.<\/p>\n","protected":false},"excerpt":{"rendered":"<p>FlyerSeite_1&nbsp; &nbsp;FlyerSeite_2&nbsp; &nbsp;Fotogallerie Der \u00f6stliche Finger der griechischen Halbinsel Chalkidiki geh\u00f6rt zu den heiligen Bergen der orthodoxen Kirche. Bereits im 8. Jahrhundert gab es organisiertes M\u00f6nchstum und die Anzahl der Kl\u00f6ster wuchs auf fast 300. Barbaren, fremde Herrscher und vor &hellip; <a href=\"https:\/\/foto-spuren.de\/?page_id=2\">Weiterlesen <span class=\"meta-nav\">&rarr;<\/span><\/a><\/p>\n","protected":false},"author":1,"featured_media":2451,"parent":0,"menu_order":1,"comment_status":"closed","ping_status":"closed","template":"","meta":{"ngg_post_thumbnail":0,"footnotes":""},"class_list":["post-2","page","type-page","status-publish","has-post-thumbnail","hentry"],"_links":{"self":[{"href":"https:\/\/foto-spuren.de\/index.php?rest_route=\/wp\/v2\/pages\/2","targetHints":{"allow":["GET"]}}],"collection":[{"href":"https:\/\/foto-spuren.de\/index.php?rest_route=\/wp\/v2\/pages"}],"about":[{"href":"https:\/\/foto-spuren.de\/index.php?rest_route=\/wp\/v2\/types\/page"}],"author":[{"embeddable":true,"href":"https:\/\/foto-spuren.de\/index.php?rest_route=\/wp\/v2\/users\/1"}],"replies":[{"embeddable":true,"href":"https:\/\/foto-spuren.de\/index.php?rest_route=%2Fwp%2Fv2%2Fcomments&post=2"}],"version-history":[{"count":93,"href":"https:\/\/foto-spuren.de\/index.php?rest_route=\/wp\/v2\/pages\/2\/revisions"}],"predecessor-version":[{"id":3561,"href":"https:\/\/foto-spuren.de\/index.php?rest_route=\/wp\/v2\/pages\/2\/revisions\/3561"}],"wp:featuredmedia":[{"embeddable":true,"href":"https:\/\/foto-spuren.de\/index.php?rest_route=\/wp\/v2\/media\/2451"}],"wp:attachment":[{"href":"https:\/\/foto-spuren.de\/index.php?rest_route=%2Fwp%2Fv2%2Fmedia&parent=2"}],"curies":[{"name":"wp","href":"https:\/\/api.w.org\/{rel}","templated":true}]}}